{"id":2,"date":"2010-08-26T22:16:28","date_gmt":"2010-08-26T22:16:28","guid":{"rendered":"http:\/\/serafimfernandes.pt\/?page_id=2"},"modified":"2020-01-27T09:00:24","modified_gmt":"2020-01-27T09:00:24","slug":"about","status":"publish","type":"page","link":"https:\/\/serafimfernandes.pt\/","title":{"rendered":"Ind\u00fastria de Passamanarias e Sirgaria"},"content":{"rendered":"<p><a href=\"http:\/\/serafimfernandes.pt\/wp-content\/uploads\/2010\/08\/bannersf.jpg\"><img loading=\"lazy\" decoding=\"async\" class=\"alignnone size-full wp-image-45\" title=\"fitas\" src=\"http:\/\/serafimfernandes.pt\/wp-content\/uploads\/2010\/08\/bannersf.jpg\" alt=\"fitas\" width=\"800\" height=\"66\" srcset=\"https:\/\/serafimfernandes.pt\/wp-content\/uploads\/2010\/08\/bannersf.jpg 800w, https:\/\/serafimfernandes.pt\/wp-content\/uploads\/2010\/08\/bannersf-300x24.jpg 300w\" sizes=\"auto, (max-width: 800px) 100vw, 800px\" \/><\/a><br \/>\nFabrica\u00e7\u00e3o e venda para mercado nacional de:<\/p>\n<p>\u2013\u00a0\u00a0 \u00a0<strong>PRECINTAS<\/strong>:\u00a0 &#8211;\u00a0 Para mochilas, malas, carrinhos de b\u00e9b\u00e9, etc..<\/p>\n<p>\u2013\u00a0\u00a0 \u00a0<strong>FITAS<\/strong>:\u00a0 &#8211;\u00a0 Para estudantes (fitas faille), Estores,\u00a0 medalhas, bandeiras, colch\u00f5es, etc..<\/p>\n<p>\u2013\u00a0\u00a0 \u00a0<strong>CORD\u00d5ES<\/strong>:\u00a0 &#8211;\u00a0 Para decora\u00e7\u00e3o-Sirgaria, confec\u00e7\u00e3o, galhardetes, mobili\u00e1rio, estofos e para muitos outros fins.<\/p>\n<p>\u2013\u00a0\u00a0 \u00a0<strong>FRANJAS<\/strong> para Galhardetes.<\/p>\n<p>Esta Ind\u00fastria de Passamanarias e Sirgaria \u00e9 uma empresa pequena, mas com larga lista de clientes que foi crescendo\u00a0 gradualmente, sempre pronta a dar resposta ao mercado nacional. Este desenvolvimento, ficou a dever-se a uma aposta feita, desde o in\u00edcio da actividade que foi \u201cQUALIDADE e PONTUALIDADE\u201d.<\/p>\n","protected":false},"excerpt":{"rendered":"<p>Fabrica\u00e7\u00e3o e venda para mercado nacional de: \u2013\u00a0\u00a0 \u00a0PRECINTAS:\u00a0 &#8211;\u00a0 Para mochilas, malas, carrinhos de b\u00e9b\u00e9, etc.. \u2013\u00a0\u00a0 \u00a0FITAS:\u00a0 &#8211;\u00a0 Para estudantes (fitas faille), Estores,\u00a0 medalhas, bandeiras, colch\u00f5es, etc.. \u2013\u00a0\u00a0 \u00a0CORD\u00d5ES:\u00a0 &#8211;\u00a0 Para decora\u00e7\u00e3o-Sirgaria, confec\u00e7\u00e3o, galhardetes, mobili\u00e1rio, estofos e para muitos outros fins. \u2013\u00a0\u00a0 \u00a0FRANJAS para Galhardetes. Esta Ind\u00fastria de Passamanarias e Sirgaria \u00e9 uma&#8230;<\/p>\n","protected":false},"author":1,"featured_media":0,"parent":0,"menu_order":0,"comment_status":"closed","ping_status":"open","template":"","meta":{"_kad_post_transparent":"","_kad_post_title":"","_kad_post_layout":"","_kad_post_sidebar_id":"","_kad_post_content_style":"","_kad_post_vertical_padding":"","_kad_post_feature":"","_kad_post_feature_position":"","_kad_post_header":false,"_kad_post_footer":false,"_kad_post_classname":"","footnotes":""},"class_list":["post-2","page","type-page","status-publish","hentry"],"_links":{"self":[{"href":"https:\/\/serafimfernandes.pt\/index.php?rest_route=\/wp\/v2\/pages\/2","targetHints":{"allow":["GET"]}}],"collection":[{"href":"https:\/\/serafimfernandes.pt\/index.php?rest_route=\/wp\/v2\/pages"}],"about":[{"href":"https:\/\/serafimfernandes.pt\/index.php?rest_route=\/wp\/v2\/types\/page"}],"author":[{"embeddable":true,"href":"https:\/\/serafimfernandes.pt\/index.php?rest_route=\/wp\/v2\/users\/1"}],"replies":[{"embeddable":true,"href":"https:\/\/serafimfernandes.pt\/index.php?rest_route=%2Fwp%2Fv2%2Fcomments&post=2"}],"version-history":[{"count":13,"href":"https:\/\/serafimfernandes.pt\/index.php?rest_route=\/wp\/v2\/pages\/2\/revisions"}],"predecessor-version":[{"id":77,"href":"https:\/\/serafimfernandes.pt\/index.php?rest_route=\/wp\/v2\/pages\/2\/revisions\/77"}],"wp:attachment":[{"href":"https:\/\/serafimfernandes.pt\/index.php?rest_route=%2Fwp%2Fv2%2Fmedia&parent=2"}],"curies":[{"name":"wp","href":"https:\/\/api.w.org\/{rel}","templated":true}]}}